{"id":5746,"date":"2025-07-23T11:49:21","date_gmt":"2025-07-23T09:49:21","guid":{"rendered":"https:\/\/webshop.nihon.hr\/?post_type=product&#038;p=5746"},"modified":"2025-11-20T12:40:29","modified_gmt":"2025-11-20T10:40:29","slug":"plant-complete-vanilija-zhou","status":"publish","type":"product","link":"https:\/\/webshop.nihon.hr\/sl\/izdelek\/plant-complete-vanilija-zhou\/","title":{"rendered":"Plant Complete Vanilija \u2013 Zhou"},"content":{"rendered":"<p data-start=\"176\" data-end=\"217\"><strong data-start=\"176\" data-end=\"217\">Potpuna biljna snaga. Bez kompromisa.<\/strong><\/p>\n<p data-start=\"219\" data-end=\"613\">Plant Complete je vrhunski biljni proteinski dodatak dizajniran za one koji \u017eele vi\u0161e \u2013 vi\u0161e energije, vi\u0161e podr\u0161ke mi\u0161i\u0107ima, i vi\u0161e nutritivne vrijednosti, sve iz biljnih izvora. Formuliran s <strong data-start=\"421\" data-end=\"452\">fermentiranim \u017eutim gra\u0161kom<\/strong> i <strong data-start=\"455\" data-end=\"476\">ri\u017einim proteinom<\/strong>, Plant Complete pru\u017ea <strong data-start=\"499\" data-end=\"546\">kompletan profil esencijalnih aminokiselina<\/strong>, ba\u0161 kao whey protein \u2013 ali bez laktoze, glutena i dodanih \u0161e\u0107era.<\/p>\n<p><strong>Sastojci<\/strong>: protein gra\u0161ka i ri\u017ee, kakaovac (Theobroma cacao) (sjemenka), prirodne arome \u010dokolade, vanilije i vrhnja s drugim prirodnim aromama, himalajska sol, mje\u0161avina gume (iz guar gume, arapske gume i ksantan gume), sladilo steviol glikozidi.<\/p>\n<p><strong>Upute za upotrebu<\/strong>: izmije\u0161ati 1 mjericu (35 g) u 3-3,5 dl vode, hladnih ili vru\u0107ih napitaka, shakea, smoothija ili drugih omiljenih recepata i piti tijekom ili poslije tjelesne aktivnosti, ili po preporuci stru\u010dne osobe.<\/p>\n<p><strong>Napomene:<\/strong>\u00a0Preporu\u010dene dnevne doze ne smiju se prekora\u010diti. Dodatak prehrani nije nadomjestak ili zamjena uravnote\u017eenoj prehrani. Va\u017eno je pridr\u017eavati se uravnote\u017eenog i raznovrsnog na\u010dina prehrane te zdravog na\u010dina \u017eivota.<\/p>\n<p><strong>UPOZORENJE:<\/strong> Ne koristiti ako je pakovanje o\u0161te\u0107eno ili otvoreno. \u010cuvati od dohvata male djece. Potrebno je prije uzimanja dodatka prehrani posavjetovati se s lije\u010dnikom ili stru\u010dnom osobom. Osobe koje uzimaju lijekove, trudnice, dojilje i djeca mla\u0111a od 18 godina trebaju se<br \/>\nprije uzimanja posavjetovati s lije\u010dnikom.<\/p>\n<p><strong>Uvjeti \u010duvanja:<\/strong>\u00a0na hladnom, suhom i tamnom mjestu.<\/p>\n<p><strong>Najbolje upotrijebiti do kraja:<\/strong>\u00a0datum otisnut na originalnom pakovanju.<\/p>\n","protected":false},"excerpt":{"rendered":"<p data-start=\"176\" data-end=\"217\"><strong data-start=\"176\" data-end=\"217\">Potpuna biljna snaga. Bez kompromisa.<\/strong><\/p>\n<p data-start=\"219\" data-end=\"613\">Plant Complete by Zhou\u00ae je vrhunski biljni proteinski dodatak dizajniran za one koji \u017eele vi\u0161e \u2013 vi\u0161e energije, vi\u0161e podr\u0161ke mi\u0161i\u0107ima, i vi\u0161e nutritivne vrijednosti, sve iz biljnih izvora. Formuliran s <strong data-start=\"421\" data-end=\"452\">fermentiranim \u017eutim gra\u0161kom<\/strong> i <strong data-start=\"455\" data-end=\"476\">ri\u017einim proteinom<\/strong>, Plant Complete pru\u017ea <strong data-start=\"499\" data-end=\"546\">kompletan profil esencijalnih aminokiselina<\/strong>, ba\u0161 kao whey protein \u2013 ali bez laktoze, glutena i dodanih \u0161e\u0107era.<\/p>\n<h4 data-start=\"615\" data-end=\"656\">\u2714\ufe0f 29 g biljnih proteina po obroku<\/h4>\n<h4 data-start=\"657\" data-end=\"703\">\u2714\ufe0f Kompletan spektar BCAA aminokiselina<\/h4>\n<h4 data-start=\"704\" data-end=\"745\">\u2714\ufe0f Lako probavljiv \u2013 bez nadutosti<\/h4>\n<h4 data-start=\"746\" data-end=\"795\">\u2714\ufe0f Veganski, bez GMO, bez umjetnih sastojaka<\/h4>\n<p data-start=\"797\" data-end=\"1006\">Savr\u0161en za oporavak nakon treninga, obrok u pokretu ili kao dodatak va\u0161em omiljenom smoothiju, Plant Complete poma\u017ee vam da podr\u017eite rast i obnovu mi\u0161i\u0107a, odr\u017eite sitost i osje\u0107ate se sna\u017eno \u2013 prirodnim putem.<\/p>\n<p data-start=\"1013\" data-end=\"1174\"><strong data-start=\"1013\" data-end=\"1032\">Na\u010din upotrebe:<\/strong><br data-start=\"1032\" data-end=\"1035\" \/>Pomije\u0161ajte 1 mjericu s vodom, biljnim mlijekom ili smoothiejem. Koristite nakon treninga ili kao nutritivni dodatak u bilo koje doba dana.<\/p>\n<p data-start=\"1176\" data-end=\"1205\"><strong data-start=\"1176\" data-end=\"1186\">Okus:<\/strong> Vanilija<\/p>\n<p data-start=\"1207\" data-end=\"1244\"><strong data-start=\"1207\" data-end=\"1221\">Pakiranje:<\/strong> Plasti\u010dno pakrianje &#8211; 563,2 g (za \u224816 serviranja)<\/p>\n","protected":false},"featured_media":5760,"comment_status":"closed","ping_status":"closed","template":"","meta":{"_acf_changed":false},"product_brand":[],"product_cat":[15,95],"product_tag":[],"class_list":{"0":"post-5746","1":"product","2":"type-product","3":"status-publish","4":"has-post-thumbnail","6":"brand-zhou","7":"product_cat-nema-kategorije","8":"product_cat-sportski-proizvodi","10":"first","11":"outofstock","12":"taxable","13":"shipping-taxable","14":"purchasable","15":"product-type-simple"},"acf":[],"_links":{"self":[{"href":"https:\/\/webshop.nihon.hr\/sl\/wp-json\/wp\/v2\/product\/5746","targetHints":{"allow":["GET"]}}],"collection":[{"href":"https:\/\/webshop.nihon.hr\/sl\/wp-json\/wp\/v2\/product"}],"about":[{"href":"https:\/\/webshop.nihon.hr\/sl\/wp-json\/wp\/v2\/types\/product"}],"replies":[{"embeddable":true,"href":"https:\/\/webshop.nihon.hr\/sl\/wp-json\/wp\/v2\/comments?post=5746"}],"wp:featuredmedia":[{"embeddable":true,"href":"https:\/\/webshop.nihon.hr\/sl\/wp-json\/wp\/v2\/media\/5760"}],"wp:attachment":[{"href":"https:\/\/webshop.nihon.hr\/sl\/wp-json\/wp\/v2\/media?parent=5746"}],"wp:term":[{"taxonomy":"product_brand","embeddable":true,"href":"https:\/\/webshop.nihon.hr\/sl\/wp-json\/wp\/v2\/product_brand?post=5746"},{"taxonomy":"product_cat","embeddable":true,"href":"https:\/\/webshop.nihon.hr\/sl\/wp-json\/wp\/v2\/product_cat?post=5746"},{"taxonomy":"product_tag","embeddable":true,"href":"https:\/\/webshop.nihon.hr\/sl\/wp-json\/wp\/v2\/product_tag?post=5746"}],"curies":[{"name":"wp","href":"https:\/\/api.w.org\/{rel}","templated":true}]}}