{"id":5738,"date":"2025-07-23T09:54:40","date_gmt":"2025-07-23T07:54:40","guid":{"rendered":"https:\/\/webshop.nihon.hr\/?post_type=product&#038;p=5738"},"modified":"2026-03-09T10:11:57","modified_gmt":"2026-03-09T08:11:57","slug":"hydro-fuel-gummies-zhou","status":"publish","type":"product","link":"https:\/\/webshop.nihon.hr\/sl\/izdelek\/hydro-fuel-gummies-zhou\/","title":{"rendered":"Hydro Fuel Gummies \u2013 Zhou AKCIJA!!! ROK 3\/26"},"content":{"rendered":"<p>Zhou Hydro Fuel Gummies su prakti\u010dni, ukusni gumeni bomboni dizajnirani da vam pru\u017ee optimalnu hidrataciju, elektrolite i energiju \u2013 bilo da trenirate, radite, putujete ili jednostavno \u017eelite ostati u ravnote\u017ei tokom dana.<\/p>\n<p><strong>Sastojci<\/strong>: mje\u0161avina elektrolita (sirup tapioke (Manihot esculenta), \u0161e\u0107er, pro\u010di\u0161\u0107ena voda, pektin, prirodna aroma limuna i limete s drugim prirodnim aromama, limunska kiselina, natrijev citrat, kokosovo ulje (Cocos nucifera), prirodna bojila).<\/p>\n<p><strong>Upute za upotrebu<\/strong>: uzimati 3 mekana bombona za \u017evakanje dnevno uz cca. 2,5 dl vode kako bi potaknuli hidrataciju ili po preporuci stru\u010dne osobe.<\/p>\n<p><strong>Napomene:<\/strong>\u00a0Preporu\u010dene dnevne doze ne smiju se prekora\u010diti. Dodatak prehrani nije nadomjestak ili zamjena uravnote\u017eenoj prehrani. Va\u017eno je pridr\u017eavati se uravnote\u017eenog i raznovrsnog na\u010dina prehrane te zdravog na\u010dina \u017eivota.<\/p>\n<p><strong>UPOZORENJE:<\/strong> Ne koristiti ako je pakovanje o\u0161te\u0107eno ili otvoreno. \u010cuvati od dohvata male djece. Potrebno je prije uzimanja dodatka prehrani posavjetovati se s lije\u010dnikom ili stru\u010dnom osobom. Osobe koje uzimaju lijekove, trudnice, dojilje i djeca mla\u0111a od 18 godina trebaju se<br \/>\nprije uzimanja posavjetovati s lije\u010dnikom.<\/p>\n<p><strong>Uvjeti \u010duvanja:<\/strong>\u00a0na hladnom, suhom i tamnom mjestu.<\/p>\n<p><strong>Najbolje upotrijebiti do kraja<\/strong>:\u00a0datum otisnut na originalnom pakovanju.<\/p>\n","protected":false},"excerpt":{"rendered":"<p>Hydro Fuel Gummies su prakti\u010dni, ukusni gumeni bomboni dizajnirani da vam pru\u017ee optimalnu hidrataciju, elektrolite i energiju \u2013 bilo da trenirate, radite, putujete ili jednostavno \u017eelite ostati u ravnote\u017ei tokom dana.<\/p>\n<p>Formulirani sa savr\u0161enim balansom elektrolita (natrij, kalij, magnezij) i ugljikohidrata koji poma\u017eu u apsorpciji vode i odr\u017eavanju izdr\u017eljivosti. Idealne za sporta\u0161e, aktivne pojedince i sve koji \u017eele zadr\u017eati energiju bez umjetnih dodataka.<\/p>\n<p>Glavne prednosti:<\/p>\n<p>\u2705 Brza hidratacija zahvaljuju\u0107i precizno odabranim elektrolitima<\/p>\n<p>\u26a1 Prirodna energija iz ugljikohidrata \u2013 bez kofeina<\/p>\n<p>\ud83c\udf4a Fantasti\u010dan okus \u2013 bez umjetnih boja i aroma<\/p>\n<p>\ud83c\udfc3\u200d\u2642\ufe0f Savr\u0161eno za prije, tokom i nakon treninga<\/p>\n<p>\ud83c\udf31 Vegan, bez glutena, bez GMO sastojaka<\/p>\n<p>Pakiranje: 60 gumenih bombona<\/p>\n<p>Upute za upotrebu: Uzmite 2-4 gumene bombone prije ili tokom fizi\u010dke aktivnosti, ili kad god osjetite potrebu za dodatnom hidratacijom.<\/p>\n","protected":false},"featured_media":5754,"comment_status":"closed","ping_status":"closed","template":"","meta":{"_acf_changed":false},"product_brand":[],"product_cat":[99,95],"product_tag":[],"class_list":{"0":"post-5738","1":"product","2":"type-product","3":"status-publish","4":"has-post-thumbnail","6":"brand-zhou","7":"product_cat-akcija","8":"product_cat-sportski-proizvodi","10":"first","11":"outofstock","12":"sale","13":"taxable","14":"shipping-taxable","15":"purchasable","16":"product-type-simple"},"acf":[],"_links":{"self":[{"href":"https:\/\/webshop.nihon.hr\/sl\/wp-json\/wp\/v2\/product\/5738","targetHints":{"allow":["GET"]}}],"collection":[{"href":"https:\/\/webshop.nihon.hr\/sl\/wp-json\/wp\/v2\/product"}],"about":[{"href":"https:\/\/webshop.nihon.hr\/sl\/wp-json\/wp\/v2\/types\/product"}],"replies":[{"embeddable":true,"href":"https:\/\/webshop.nihon.hr\/sl\/wp-json\/wp\/v2\/comments?post=5738"}],"wp:featuredmedia":[{"embeddable":true,"href":"https:\/\/webshop.nihon.hr\/sl\/wp-json\/wp\/v2\/media\/5754"}],"wp:attachment":[{"href":"https:\/\/webshop.nihon.hr\/sl\/wp-json\/wp\/v2\/media?parent=5738"}],"wp:term":[{"taxonomy":"product_brand","embeddable":true,"href":"https:\/\/webshop.nihon.hr\/sl\/wp-json\/wp\/v2\/product_brand?post=5738"},{"taxonomy":"product_cat","embeddable":true,"href":"https:\/\/webshop.nihon.hr\/sl\/wp-json\/wp\/v2\/product_cat?post=5738"},{"taxonomy":"product_tag","embeddable":true,"href":"https:\/\/webshop.nihon.hr\/sl\/wp-json\/wp\/v2\/product_tag?post=5738"}],"curies":[{"name":"wp","href":"https:\/\/api.w.org\/{rel}","templated":true}]}}