{"id":5735,"date":"2025-07-23T09:15:26","date_gmt":"2025-07-23T07:15:26","guid":{"rendered":"https:\/\/webshop.nihon.hr\/?post_type=product&#038;p=5735"},"modified":"2026-03-09T10:12:12","modified_gmt":"2026-03-09T08:12:12","slug":"zhou-creatine-chews","status":"publish","type":"product","link":"https:\/\/webshop.nihon.hr\/sl\/izdelek\/zhou-creatine-chews\/","title":{"rendered":"Creatine Chews &#8211; Zhou AKCIJA!!! ROK: 9\/26"},"content":{"rendered":"<p data-start=\"747\" data-end=\"841\"><strong data-start=\"747\" data-end=\"841\">Zhou Creatine Chews \u2013 Najbolji kreatin za snagu i izdr\u017eljivost u obliku bombona za \u017evakanje<\/strong><\/p>\n<p data-start=\"843\" data-end=\"1159\">Tra\u017ei\u0161 <strong data-start=\"850\" data-end=\"870\">najbolji kreatin<\/strong> bez muke s prahom? <strong data-start=\"890\" data-end=\"913\">Zhou Creatine Chews<\/strong> donosi ti sve prednosti <strong data-start=\"938\" data-end=\"962\">kreatina monohidrata<\/strong> u prakti\u010dnim i ukusnim <strong data-start=\"986\" data-end=\"1011\">tabletama za \u017evakanje<\/strong>. Idealno za pove\u0107anje <strong data-start=\"1034\" data-end=\"1050\">mi\u0161i\u0107ne mase<\/strong>, <strong data-start=\"1052\" data-end=\"1073\">eksplozivne snage<\/strong> i br\u017ei oporavak nakon treninga \u2013 bilo da trenira\u0161 u teretani ili kod ku\u0107e.<\/p>\n<p><strong>Sastojci: <\/strong>kreatin, vitamin B12, vlakna tapioke (Manihot esculenta), sladila: eritrol, ksilitol, steviol glikozidi, Lu Han Guo (Siraita grosvenorii); voda, koncentrat soka kru\u0161ke, pektin, tapioke (Manihot esculenta), prirodna aroma limuna s drugim prirodnim aromama, limunska kiselina, bojilo sok vo\u0107a i povr\u0107a, organsko kokosovo ulje (Cocos nucifera).<\/p>\n<p><strong>Upute za upotrebu: <\/strong>uzimati 3 polumekana bombona za \u017evakanje dnevno ili po preporuci stru\u010dne osobe.<\/p>\n<p><strong>Napomene:<\/strong>\u00a0Preporu\u010dene dnevne doze ne smiju se prekora\u010diti. Dodatak prehrani nije nadomjestak ili zamjena uravnote\u017eenoj prehrani. Va\u017eno je pridr\u017eavati se uravnote\u017eenog i raznovrsnog na\u010dina prehrane te zdravog na\u010dina \u017eivota.<\/p>\n<p><strong>UPOZORENJE: <\/strong>Ne koristiti ako je pakovanje o\u0161te\u0107eno ili otvoreno. \u010cuvati od dohvata male djece. Potrebno je prije uzimanja dodatka prehrani posavjetovati se s lije\u010dnikom ili stru\u010dnom osobom. Osobe koje uzimaju lijekove, trudnice, dojilje i djeca mla\u0111a od 18 godina trebaju se<br \/>\nprije uzimanja posavjetovati s lije\u010dnikom.<\/p>\n<p><strong>Uvjeti \u010duvanja:<\/strong>\u00a0na hladnom, suhom i tamnom mjestu.<\/p>\n<p><strong>Najbolje upotrijebiti do kraja:<\/strong>\u00a0datum otisnut na originalnom pakovanju.<\/p>\n","protected":false},"excerpt":{"rendered":"<p>Tra\u017ei\u0161 najbolji kreatin bez mije\u0161anja i napitaka? Zhou Creatine Chews donosi ti sve prednosti kreatina monohidrata u prakti\u010dnim i ukusnim bombonama za \u017evakanje. Idealne za one koji \u017eele pove\u0107ati mi\u0161i\u0107nu masu, snagu, i sportske performanse \u2013 bilo da trenira\u0161 u teretani ili kod ku\u0107e.<\/p>\n<p>Za\u0161to odabrati Zhou kreatin?<\/p>\n<p>\u2705 5 g kreatina monohidrata po porciji \u2013 standardna i u\u010dinkovita doza<\/p>\n<p>\u2705 Bez praha, bez muke \u2013 jednostavna konzumacija bilo kad i bilo gdje<\/p>\n<p>\u2705 Pove\u0107ava eksplozivnu snagu i sportsku izdr\u017eljivost<\/p>\n<p>\u2705 Poma\u017ee izgradnji mi\u0161i\u0107ne mase i podr\u017eava br\u017ei oporavak<\/p>\n<p>\u2705 Savr\u0161en kreatin za sporta\u0161e i fitness entuzijaste<\/p>\n<p>Kome je namijenjen?<br \/>\nSvima koji \u017eele kreatin za snagu, kreatin za fitness ciljeve, kao i onima koji tra\u017ee prakti\u010dno rje\u0161enje \u2013 bez potrebe za shakeovima i mjerenjem doza.<\/p>\n<p>Na\u010din upotrebe:<br \/>\nUzmite 3 bombona dnevno, najbolje prije treninga. Bez vode. Bez muke. Samo rezultat.<\/p>\n<p>&nbsp;<\/p>\n","protected":false},"featured_media":5751,"comment_status":"closed","ping_status":"closed","template":"","meta":{"_acf_changed":false},"product_brand":[],"product_cat":[95,99],"product_tag":[],"class_list":{"0":"post-5735","1":"product","2":"type-product","3":"status-publish","4":"has-post-thumbnail","6":"brand-zhou","7":"product_cat-sportski-proizvodi","8":"product_cat-akcija","10":"first","11":"outofstock","12":"sale","13":"taxable","14":"shipping-taxable","15":"purchasable","16":"product-type-simple"},"acf":[],"_links":{"self":[{"href":"https:\/\/webshop.nihon.hr\/sl\/wp-json\/wp\/v2\/product\/5735","targetHints":{"allow":["GET"]}}],"collection":[{"href":"https:\/\/webshop.nihon.hr\/sl\/wp-json\/wp\/v2\/product"}],"about":[{"href":"https:\/\/webshop.nihon.hr\/sl\/wp-json\/wp\/v2\/types\/product"}],"replies":[{"embeddable":true,"href":"https:\/\/webshop.nihon.hr\/sl\/wp-json\/wp\/v2\/comments?post=5735"}],"wp:featuredmedia":[{"embeddable":true,"href":"https:\/\/webshop.nihon.hr\/sl\/wp-json\/wp\/v2\/media\/5751"}],"wp:attachment":[{"href":"https:\/\/webshop.nihon.hr\/sl\/wp-json\/wp\/v2\/media?parent=5735"}],"wp:term":[{"taxonomy":"product_brand","embeddable":true,"href":"https:\/\/webshop.nihon.hr\/sl\/wp-json\/wp\/v2\/product_brand?post=5735"},{"taxonomy":"product_cat","embeddable":true,"href":"https:\/\/webshop.nihon.hr\/sl\/wp-json\/wp\/v2\/product_cat?post=5735"},{"taxonomy":"product_tag","embeddable":true,"href":"https:\/\/webshop.nihon.hr\/sl\/wp-json\/wp\/v2\/product_tag?post=5735"}],"curies":[{"name":"wp","href":"https:\/\/api.w.org\/{rel}","templated":true}]}}