{"id":4726,"date":"2021-09-08T14:51:45","date_gmt":"2021-09-08T12:51:45","guid":{"rendered":"https:\/\/webshop.nihon.hr\/product\/super-multidophilus-24\/"},"modified":"2021-09-08T14:51:45","modified_gmt":"2021-09-08T12:51:45","slug":"super-multidophilus-24","status":"publish","type":"product","link":"https:\/\/webshop.nihon.hr\/sl\/izdelek\/super-multidophilus-24\/","title":{"rendered":"Super Multidophilus\u2122 24 Solaray"},"content":{"rendered":"<p><strong>Ingredients:<\/strong> L. plantarum, L. rhamnosus, B. lactis, L. acidophilus, L. lactis, B. infantis, B. breve, B. bifidum, B. longum, L. bulgaricus, L. casei, L. delbrueckii, L. brevis, E. faecium, Lc. lactis, Lc. cremoris, L. paracasei, L. salivarius, L. gasseri, L. helveticus, L. fermentum, L. kefir, P. acidilacti, S. thermophilus, filler maltodextrin, vegetarian cellulose capsule, anti-caking agent silicon dioxide, emulsifiers: cellulose, magnesium stearate.<\/p>\n<p><strong>Instructions for use:<\/strong> take 2 capsules a day (with a meal or a glass of water) or as recommended by a professional. Do not take within 2 hours of antibiotic administration<\/p>\n<p><strong>Notes:<\/strong> Keep out of the reach of small children. Recommended daily doses should not be exceeded. A dietary supplement is not a substitute or replacement for a balanced diet. It is important to follow a balanced and varied diet and a healthy lifestyle.<\/p>\n<p>WARNING: It is necessary to consult a doctor or professional person before taking a dietary supplement. Not for people under 18 years of age. Pregnant and lactating women should consult a doctor before using this product. Do not use if the protective cover under the cap is missing or damaged.<\/p>\n<p><strong>Storage conditions:<\/strong> in a dry and dark place at a temperature of up to 25\u00b0C.<\/p>\n<p><strong>Expiration date: <\/strong>date printed on the original.<\/p>\n<p>&nbsp;<\/p>\n","protected":false},"excerpt":{"rendered":"<p>Super Multidophilus\u2122 24 je mje\u0161avina 24 probioti\u010dke kulture koje osiguravaju preko 30 milijardi odr\u017eivih mikroorganizama. Svaka VEG-kapsula je entri\u010dki premazana (vi\u0161eslojni film) kako bi pobolj\u0161ala opstanak odr\u017eivih mikroorganizama.<\/p>\n<ul>\n<li>60 VEG-kapsula<\/li>\n<li>Ne sadr\u017ei gluten, \u0161e\u0107er, sol i \u0161krob<\/li>\n<li>True Blue\u2122, LAB Verified<\/li>\n<\/ul>\n","protected":false},"featured_media":4728,"comment_status":"closed","ping_status":"closed","template":"","meta":{"_acf_changed":false},"product_brand":[],"product_cat":[178],"product_tag":[],"class_list":{"0":"post-4726","1":"product","2":"type-product","3":"status-publish","4":"has-post-thumbnail","6":"brand-solaray-sl","7":"product_cat-posebne-formule","9":"first","10":"instock","11":"taxable","12":"shipping-taxable","13":"purchasable","14":"product-type-simple"},"acf":[],"_links":{"self":[{"href":"https:\/\/webshop.nihon.hr\/sl\/wp-json\/wp\/v2\/product\/4726","targetHints":{"allow":["GET"]}}],"collection":[{"href":"https:\/\/webshop.nihon.hr\/sl\/wp-json\/wp\/v2\/product"}],"about":[{"href":"https:\/\/webshop.nihon.hr\/sl\/wp-json\/wp\/v2\/types\/product"}],"replies":[{"embeddable":true,"href":"https:\/\/webshop.nihon.hr\/sl\/wp-json\/wp\/v2\/comments?post=4726"}],"wp:featuredmedia":[{"embeddable":true,"href":"https:\/\/webshop.nihon.hr\/sl\/wp-json\/wp\/v2\/media\/4728"}],"wp:attachment":[{"href":"https:\/\/webshop.nihon.hr\/sl\/wp-json\/wp\/v2\/media?parent=4726"}],"wp:term":[{"taxonomy":"product_brand","embeddable":true,"href":"https:\/\/webshop.nihon.hr\/sl\/wp-json\/wp\/v2\/product_brand?post=4726"},{"taxonomy":"product_cat","embeddable":true,"href":"https:\/\/webshop.nihon.hr\/sl\/wp-json\/wp\/v2\/product_cat?post=4726"},{"taxonomy":"product_tag","embeddable":true,"href":"https:\/\/webshop.nihon.hr\/sl\/wp-json\/wp\/v2\/product_tag?post=4726"}],"curies":[{"name":"wp","href":"https:\/\/api.w.org\/{rel}","templated":true}]}}