{"id":4442,"date":"2021-09-09T08:39:24","date_gmt":"2021-09-09T06:39:24","guid":{"rendered":"https:\/\/webshop.nihon.hr\/product\/multi-active\/"},"modified":"2021-09-09T08:39:24","modified_gmt":"2021-09-09T06:39:24","slug":"multi-active","status":"publish","type":"product","link":"https:\/\/webshop.nihon.hr\/sl\/izdelek\/multi-active\/","title":{"rendered":"Multi-Active\u2122 Kal"},"content":{"rendered":"<p><strong>Vitamin C<\/strong> increases the absorption of iron and contributes to the normal metabolism of energy production, the normal functioning of the nervous system, the normal formation of collagen for the normal function of gums, cartilage, bones, skin, blood vessels and teeth; protection of cells from oxidative stress, reduction of fatigue and exhaustion, normal psychological function, normal function of the immune system in general and during and after intense physical activity.<\/p>\n<p><strong>Vitamin E<\/strong> contributes to the protection of cells from oxidative stress.<\/p>\n<p><strong>Riboflavin (B2)<\/strong> contributes to normal iron metabolism and energy production, maintenance of normal red blood cells, normal skin, mucous membranes and vision, reduction of fatigue and exhaustion, normal functioning of the nervous system and protection of cells from oxidative stress.<\/p>\n<p><strong>Manganese<\/strong> contributes to normal metabolism of energy generation, normal formation of connective tissue, protection of cells from oxidative stress and maintenance of normal bones.<\/p>\n<p><strong>Thiamine (B1)<\/strong> contributes to normal psychological function, normal functioning of the nervous system, normal heart function and normal metabolism, energy production.<\/p>\n<p><strong>Vitamin B6<\/strong> contributes to normal psychological function, normal function of the immune and nervous systems, normal metabolism of energy, protein and glycogen, homocysteine \u200b\u200band cysteine \u200b\u200bsynthesis, regulation of hormonal activity, normal formation of red blood cells and contributes to the reduction of fatigue and exhaustion.<\/p>\n<p><strong>Vitamin A<\/strong>\u00a0doprinosi normalnom metabolizmu \u017eeljeza, normalnoj funkciji imunolo\u0161kog sustava, odr\u017eavanju normalne ko\u017ee, sluznica i vida.<\/p>\n<p><strong>Biotin<\/strong> contributes to normal psychological function, normal metabolism of macronutrients and energy production, normal functioning of the nervous system and maintenance of normal skin, hair and mucous membranes.<\/p>\n<p><strong>Vitamin B12<\/strong> contributes to the normal functioning of the nervous system, normal psychological function, normal function of the immune system, normal homocysteine \u200b\u200bmetabolism and energy production, reduction of fatigue and exhaustion, normal formation of red blood cells and plays a role in the process of cell division.<\/p>\n<p><strong>Ingredients:<\/strong> vitamin C, calcium, FOS, vitamin E, magnesium, garlic, broccoli, tomato, apple, orange, pineapple, cranberry, blueberry, grapefruit, elderberry, peach, apricot, plum, cherry, papaya, carrot, parsley, beetroot, kale, broccoli, cabbage, spinach, pumpkin, cauliflower, red pepper, sweet potato, potassium, rosemary, apple pectins, citrus pectins, dates, prunes, glucomannan, citrus bioflavonoids, beet fiber, barley, oats, cabbage, grapes, green tea, algae Dunaliella salina, vitamins: B2, B3; manganese, inositol, PABA, licorice, pantothenic acid, choline bitartrate, vitamins: B1, B6; zinc, colloidal silica gel, vitamin A, bromelain, papain, amylase, cellulase, lactase, lipase, protease, maltase, sucrase, boron, copper, folate, biotin, vitamin B12, chromium, molybdenum, iodine, vitamin K, selenium, vitamin D, emulsifier cellulose, stabilizer stearic acid, acacia, anti-caking agent silicon dioxide, filler maltodextrin, lecithin (SOYA).<\/p>\n<p><strong>Instructions for use:<\/strong> take 1 tablet a day (with a meal or a glass of water) or as recommended by a professional.<\/p>\n<p><strong>Notes:<\/strong> Keep out of the reach of small children. Recommended daily doses should not be exceeded. A dietary supplement is not a substitute or replacement for a balanced diet. It is important to follow a balanced and varied diet and a healthy lifestyle.<\/p>\n<p><strong>WARNING:<\/strong> It is necessary to consult a doctor or professional person before taking a dietary supplement. People taking medication should consult a doctor before taking it. Not for pregnant and lactating women. It is not recommended for people with a disorder of the cardiovascular system. Niacin may cause immediate flushing and a feeling of warmth in some people. Application time limit for licorice: up to 4 weeks continuously. Do not use if the protective cover under the cap is missing or damaged.<\/p>\n<p><strong>Storage conditions:<\/strong> in a dry and dark place at a temperature of up to 25\u00b0C.<\/p>\n<p><strong>Expiration date: <\/strong>date printed on the original.<\/p>\n","protected":false},"excerpt":{"rendered":"<p>Multi-Active\u2122 is a special multivitamin mixture with over 80 different types of vitamins, minerals and other nutrients. Each tablet contains a patented antioxidant blend and essential nutrients from a variety of organically grown fruits and vegetables, along with fiber and enzymes. ActivTab\u2122 technology guarantees disintegration of the tablet within 30 minutes according to the standards of the US Pharmacopoeia (USP).<\/p>\n<ul>\n<li>60 tablets.<\/li>\n<li>Does not contain gluten, sugar, salt and starch<\/li>\n<li>True Blue\u2122, Clear Quality\u2122<\/li>\n<li><em>Activ<\/em>Tab\u2122<\/li>\n<\/ul>\n","protected":false},"featured_media":4444,"comment_status":"closed","ping_status":"closed","template":"","meta":{"_acf_changed":false},"product_brand":[],"product_cat":[173,181],"product_tag":[],"class_list":{"0":"post-4442","1":"product","2":"type-product","3":"status-publish","4":"has-post-thumbnail","6":"brand-kal-sl","7":"product_cat-minerali-sl","8":"product_cat-vitamini-sl","10":"first","11":"instock","12":"taxable","13":"shipping-taxable","14":"purchasable","15":"product-type-simple"},"acf":[],"_links":{"self":[{"href":"https:\/\/webshop.nihon.hr\/sl\/wp-json\/wp\/v2\/product\/4442","targetHints":{"allow":["GET"]}}],"collection":[{"href":"https:\/\/webshop.nihon.hr\/sl\/wp-json\/wp\/v2\/product"}],"about":[{"href":"https:\/\/webshop.nihon.hr\/sl\/wp-json\/wp\/v2\/types\/product"}],"replies":[{"embeddable":true,"href":"https:\/\/webshop.nihon.hr\/sl\/wp-json\/wp\/v2\/comments?post=4442"}],"wp:featuredmedia":[{"embeddable":true,"href":"https:\/\/webshop.nihon.hr\/sl\/wp-json\/wp\/v2\/media\/4444"}],"wp:attachment":[{"href":"https:\/\/webshop.nihon.hr\/sl\/wp-json\/wp\/v2\/media?parent=4442"}],"wp:term":[{"taxonomy":"product_brand","embeddable":true,"href":"https:\/\/webshop.nihon.hr\/sl\/wp-json\/wp\/v2\/product_brand?post=4442"},{"taxonomy":"product_cat","embeddable":true,"href":"https:\/\/webshop.nihon.hr\/sl\/wp-json\/wp\/v2\/product_cat?post=4442"},{"taxonomy":"product_tag","embeddable":true,"href":"https:\/\/webshop.nihon.hr\/sl\/wp-json\/wp\/v2\/product_tag?post=4442"}],"curies":[{"name":"wp","href":"https:\/\/api.w.org\/{rel}","templated":true}]}}