{"id":5742,"date":"2025-07-23T10:30:39","date_gmt":"2025-07-23T08:30:39","guid":{"rendered":"https:\/\/webshop.nihon.hr\/?post_type=product&#038;p=5742"},"modified":"2025-07-24T12:50:56","modified_gmt":"2025-07-24T10:50:56","slug":"muscle-bcaa-zhou","status":"publish","type":"product","link":"https:\/\/webshop.nihon.hr\/en\/product\/muscle-bcaa-zhou\/","title":{"rendered":"Muscle Bcaa &#8211; Zhou"},"content":{"rendered":"<p>Zhou Muscle BCAA je sna\u017ena formula aminokiselina razgranatog lanca (BCAA) \u2013 L-Leucin, L-Izoleucin i L-Valin \u2013 koja poma\u017ee u izgradnji mi\u0161i\u0107ne mase, smanjuje umor tokom treninga i ubrzava oporavak nakon fizi\u010dke aktivnosti.<\/p>\n<p><strong>Sastojci:<\/strong> L-leucin, L-izoleucin, L-valin, mali\u010dna kiselina, L-glutamin, citrulin malat, vitamin C, kokos, cikla, Bacillus coagulans, prirodna aroma ananasa, maline i manga s drugim prirodnim aromama, sladila: steviol glikozidi, maltodekstrin; limunska kiselina, tvar za sprje\u010davanje zgrudnjavanja silicijev dioksid, bojilo kurkuma, vi\u0161nja (Prunus cerasus) (koncentrat ploda).<\/p>\n<p><strong>Upute za upotrebu:<\/strong> izmije\u0161ati 1 mjericu (11 g) u 3,5 dl vode, omiljenog soka, shakea ili smoothija i piti tijekom tjelesne aktivnosti, ili po preporuci stru\u010dne osobe.<\/p>\n<p><strong>Napomene:<\/strong>\u00a0Preporu\u010dene dnevne doze ne smiju se prekora\u010diti. Dodatak prehrani nije nadomjestak ili zamjena uravnote\u017eenoj prehrani. Va\u017eno je pridr\u017eavati se uravnote\u017eenog i raznovrsnog na\u010dina prehrane te zdravog na\u010dina \u017eivota.<\/p>\n<p><strong>UPOZORENJE:<\/strong> Ne koristiti ako je pakovanje o\u0161te\u0107eno ili otvoreno. \u010cuvati od dohvata male djece. Potrebno je prije uzimanja dodatka prehrani posavjetovati se s lije\u010dnikom ili stru\u010dnom osobom. Osobe koje uzimaju lijekove, trudnice, dojilje i djeca mla\u0111a od 18 godina trebaju se<br \/>\nprije uzimanja posavjetovati s lije\u010dnikom.<\/p>\n<p><strong>Uvjeti \u010duvanja:<\/strong>\u00a0na hladnom, suhom i tamnom mjestu.<\/p>\n<p><strong>Najbolje upotrijebiti do kraja:<\/strong>\u00a0datum otisnut na originalnom pakovanju.<\/p>\n","protected":false},"excerpt":{"rendered":"<p data-start=\"233\" data-end=\"484\">Zhou <strong data-start=\"260\" data-end=\"275\">Muscle BCAA<\/strong> je sna\u017ena formula aminokiselina razgranatog lanca (BCAA) \u2013 <strong data-start=\"335\" data-end=\"370\">L-Leucin, L-Izoleucin i L-Valin<\/strong> \u2013 koja poma\u017ee u izgradnji mi\u0161i\u0107ne mase, smanjuje umor tokom treninga i ubrzava oporavak nakon fizi\u010dke aktivnosti.<\/p>\n<p data-start=\"486\" data-end=\"643\">Oboga\u0107en dodatnim <strong data-start=\"504\" data-end=\"520\">L-Glutaminom<\/strong> za jo\u0161 bolju regeneraciju mi\u0161i\u0107a, te <strong data-start=\"558\" data-end=\"575\">elektrolitima<\/strong> koji podr\u017eavaju hidrataciju i ravnote\u017eu tokom intenzivnih treninga.<\/p>\n<p data-start=\"645\" data-end=\"660\"><strong data-start=\"645\" data-end=\"660\">Idealno za:<\/strong><\/p>\n<ul data-start=\"661\" data-end=\"814\">\n<li data-start=\"661\" data-end=\"695\">\n<p data-start=\"663\" data-end=\"695\">Sporta\u0161e i fitness entuzijaste<\/p>\n<\/li>\n<li data-start=\"696\" data-end=\"751\">\n<p data-start=\"698\" data-end=\"751\">Oporavak nakon treninga snage ili kardio aktivnosti<\/p>\n<\/li>\n<li data-start=\"752\" data-end=\"814\">\n<p data-start=\"754\" data-end=\"814\">Prevenciju razgradnje mi\u0161i\u0107nog tkiva tokom napornih treninga<\/p>\n<\/li>\n<\/ul>\n<p data-start=\"816\" data-end=\"837\"><strong data-start=\"816\" data-end=\"837\">Glavne prednosti:<\/strong><\/p>\n<ul data-start=\"838\" data-end=\"1090\">\n<li data-start=\"838\" data-end=\"893\">\n<p data-start=\"840\" data-end=\"893\">\u2705 <strong data-start=\"842\" data-end=\"865\">7 g BCAA po porciji<\/strong> u optimalnom omjeru 2:1:1<\/p>\n<\/li>\n<li data-start=\"894\" data-end=\"944\">\n<p data-start=\"896\" data-end=\"944\">\u26a1 <strong data-start=\"898\" data-end=\"942\">Pove\u0107ava mi\u0161i\u0107nu izdr\u017eljivost i energiju<\/strong><\/p>\n<\/li>\n<li data-start=\"945\" data-end=\"1001\">\n<p data-start=\"947\" data-end=\"1001\">\ud83d\udca5 <strong data-start=\"950\" data-end=\"999\">Ubrzava oporavak i smanjuje bolove u mi\u0161i\u0107ima<\/strong><\/p>\n<\/li>\n<li data-start=\"1002\" data-end=\"1053\">\n<p data-start=\"1004\" data-end=\"1053\">\ud83c\udf3f <strong data-start=\"1007\" data-end=\"1051\">Bez glutena, vegansko, bez GMO sastojaka<\/strong><\/p>\n<\/li>\n<li data-start=\"1054\" data-end=\"1090\">\n<p data-start=\"1056\" data-end=\"1090\">\ud83e\uddc3 <strong data-start=\"1059\" data-end=\"1090\">Osve\u017eavaju\u0107i prirodni okusi<\/strong><\/p>\n<\/li>\n<\/ul>\n<p data-start=\"1092\" data-end=\"1307\"><strong data-start=\"1092\" data-end=\"1106\">Pakiranje:<\/strong> Plasti\u010dno pakrianje &#8211; 330 g (za 30 serviranja)<\/p>\n<p data-start=\"1092\" data-end=\"1307\"><br data-start=\"1117\" data-end=\"1120\" \/><strong data-start=\"1120\" data-end=\"1130\">Okus:<\/strong> Tropical Punch<\/p>\n<p data-start=\"1092\" data-end=\"1307\"><br data-start=\"1202\" data-end=\"1205\" \/><strong data-start=\"1205\" data-end=\"1227\">Upute za upotrebu:<\/strong> izmije\u0161ati 1 mjericu (11 g) u 3,5 dl vode, omiljenog soka, shakea ili smoothija i piti tijekom tjelesne aktivnosti, ili po preporuci stru\u010dne osobe.<\/p>\n","protected":false},"featured_media":5757,"comment_status":"closed","ping_status":"closed","template":"","meta":{"_acf_changed":false},"product_brand":[],"product_cat":[95],"product_tag":[],"class_list":{"0":"post-5742","1":"product","2":"type-product","3":"status-publish","4":"has-post-thumbnail","6":"brand-zhou","7":"product_cat-sportski-proizvodi","9":"first","10":"instock","11":"taxable","12":"shipping-taxable","13":"purchasable","14":"product-type-simple"},"acf":[],"_links":{"self":[{"href":"https:\/\/webshop.nihon.hr\/en\/wp-json\/wp\/v2\/product\/5742","targetHints":{"allow":["GET"]}}],"collection":[{"href":"https:\/\/webshop.nihon.hr\/en\/wp-json\/wp\/v2\/product"}],"about":[{"href":"https:\/\/webshop.nihon.hr\/en\/wp-json\/wp\/v2\/types\/product"}],"replies":[{"embeddable":true,"href":"https:\/\/webshop.nihon.hr\/en\/wp-json\/wp\/v2\/comments?post=5742"}],"wp:featuredmedia":[{"embeddable":true,"href":"https:\/\/webshop.nihon.hr\/en\/wp-json\/wp\/v2\/media\/5757"}],"wp:attachment":[{"href":"https:\/\/webshop.nihon.hr\/en\/wp-json\/wp\/v2\/media?parent=5742"}],"wp:term":[{"taxonomy":"product_brand","embeddable":true,"href":"https:\/\/webshop.nihon.hr\/en\/wp-json\/wp\/v2\/product_brand?post=5742"},{"taxonomy":"product_cat","embeddable":true,"href":"https:\/\/webshop.nihon.hr\/en\/wp-json\/wp\/v2\/product_cat?post=5742"},{"taxonomy":"product_tag","embeddable":true,"href":"https:\/\/webshop.nihon.hr\/en\/wp-json\/wp\/v2\/product_tag?post=5742"}],"curies":[{"name":"wp","href":"https:\/\/api.w.org\/{rel}","templated":true}]}}