{"id":2523,"date":"2020-02-17T10:48:06","date_gmt":"2020-02-17T08:48:06","guid":{"rendered":"https:\/\/webshop.nihon.hr\/uvjeti-poslovanja-2\/"},"modified":"2022-04-08T09:52:51","modified_gmt":"2022-04-08T07:52:51","slug":"terms-of-business","status":"publish","type":"page","link":"https:\/\/webshop.nihon.hr\/en\/terms-of-business\/","title":{"rendered":"Terms of business"},"content":{"rendered":"\n<h2 class=\"wp-block-heading\">Op\u0107i uvjeti poslovanja nihon.hr internetske trgovine<\/h2>\n\n\n\n<p>Na internet stranicama&nbsp;nihon.hr&nbsp;nudimo Vam mogu\u0107nost kupnje artikala koji su ozna\u010deni s \u201craspolo\u017eivo\u201d na stranici prikaza pojedinog proizvoda. Uvjete je mogu\u0107e u svakom trenutku pro\u010ditati na ovim stranicama, zadr\u017eavamo pravo izmjene bez prethodne najave. Davatelj usluga i prodavatelj proizvoda i usluga u elektroni\u010dkoj trgovini na internet stranicama&nbsp;nihon.hr&nbsp;je:<\/p>\n\n\n\n<p>NIHON trgovina i usluge d.o.o.<br>Mihanovi\u0107eva 43 b<br>21000 Split<br>OIB:86748327133<\/p>\n\n\n\n<p>U daljnem tekstu NIHON trgovina i usluge d.o.o. ozna\u010dava davatelja usluge, a nihon.hr odnosi se na web mjesto i internet trgovinu.&nbsp; Za sve narud\u017ebe i kupnje na nihon.hr vrijede isklju\u010divo ovdje navedeni kupoprodajni uvjeti.<br>Osnovni pojmovi i obveze<\/p>\n\n\n\n<h3 class=\"wp-block-heading\">KORISNIK<\/h3>\n\n\n\n<p>je svaka fizi\u010dka ili pravna osoba koja posjeti ili koristi usluge ovog Internet (web) mjesta definiranog Internet adresom nihon.hr. Svi korisnici obavezni su koristiti usluge na ovim internet stranicama u skladu s njihovom namjenom i ovim uvjetima, te uobi\u010dajenim pravilima pona\u0161anja na internetu.<\/p>\n\n\n\n<h3 class=\"wp-block-heading\">REGISTRIRANI KORISNIK<\/h3>\n\n\n\n<p>je svaka fizi\u010dka ili pravna osoba koja je izradila korisni\u010dki profil na internet stranicama nihon.hr.<\/p>\n\n\n\n<h3 class=\"wp-block-heading\">KUPAC<\/h3>\n\n\n\n<p>je svaka fizi\u010dka ili pravna osoba koja je kao registrirani korisnik kupnjom artikala na nihon.hr Internet stranici sklopila kupoprodajni ugovor za pojedina\u010dnu narud\u017ebu sa prodavateljem NIHON trgovina i usluge d.o.o, i \u010diji podaci su uneseni u blagajni Internet trgovine nihon.hr u rubrici \u201cPodaci o kupcu\u201d. Kupac koji kupuje za drugu pravnu ili drugu fizi\u010dku osobu,obavezan je imati pristanak i potrebna ovla\u0161tenja od te osobe.<\/p>\n\n\n\n<h3 class=\"wp-block-heading\">Osnovne obveze prodavatelja<\/h3>\n\n\n\n<p>NIHON trgovina i usluge d.o.o. kao davatelj usluga i prodavatelj u internet trgovini&nbsp;postupa i pru\u017ea usluge u skladu s ovim uvjetima te zakonima i drugim propisima Republike Hrvatske. NIHON trgovina i usluge d.o.o. je odgovorna za materijalne nedostatke proizvoda u skladu sa Zakonom o obveznim odnosima, \u010dlanci 400 do 422 (NN 35\/05, 41\/08, 125\/11, 78\/15).<br>Nastajanje i zaklju\u010denje kupoprodajnog ugovora, te potvrda narud\u017ebe i pla\u0107anja<br>Nakon \u0161to je odabrao proizvode i spremio ih u svoju ko\u0161aricu korisnik na blagajni nihon.hr daje potrebne podatke o kupcu, adresi isporuke i pla\u0107anju.&nbsp;Nedostaju\u0107i ili neispravni unosi tijekom ovog procesa ozna\u010deni su crvenom bojom s prate\u0107im porukama o gre\u0161kama. Klikom na \u201cPotvrdite narud\u017ebu i pla\u0107anje\u201d korisnik potvr\u0111uje naru\u010divanje i pla\u0107anje i time daje ponudu za kupnju tj. za sklapanje kupoprodajnog ugovora s prodavateljem. Potvrdom narud\u017ebe korisnik pristaje na zaklju\u010denje kupoprodajnog ugovora s prodavateljem.&nbsp;Korisnik dobiva potvrdu zaprimanja svoje narud\u017ebe od strane NIHON trgovina i usluge d.o.o. e-po\u0161tom.&nbsp;<br>Ako je izabrano pla\u0107anje kreditnim karticama, korisnika se nakon potvrde narud\u017ebe preusmjerava na stranice davatelja usluge online naplate T-Com. Tvrtka T-Com&nbsp;ima uskla\u0111ene poslovne procese s me\u0111unarodnim normama te posjeduje certifikate ISO 2001 za upravljanje informacijskom sigurno\u0161\u0107u i PCIDSS za sigurnost transakcija karti\u010dnih pla\u0107anja.&nbsp;<br>Nakon \u0161to smo zaprimili narud\u017ebu i potvrdu pla\u0107anja, po\u010dinjemo proces obrade narud\u017ebe i pripreme isporuke. Ako neki proizvod, unato\u010d pa\u017eljivom planiranju i organizaciji, nije mogu\u0107e isporu\u010diti pravovremeno ili uop\u0107e, korisnik \u0107e biti o tome informiran i konzultiran o drugim mogu\u0107nostima. Ako se ne sla\u017ee s ponu\u0111enim izmjenama ili odgodama, korisnik mo\u017ee otkazati narud\u017ebu u cijelosti prije zaklju\u010denja kupoprodajnog ugovora.<\/p>\n\n\n\n<h3 class=\"wp-block-heading\">Zaklju\u010denje kupoprodajnog ugovora<\/h3>\n\n\n\n<p>Nakon uspje\u0161ne obrade narud\u017ebe, koja je pla\u0107ena na nihon.hr i pripreme po\u0161iljke, NIHON trgovina i usluge d.o.o. izdaje ra\u010dun kupcu i \u0161alje ga skupa sa kupljenom robom. NIHON trgovina i usluge d.o.o. zadr\u017eava pravo odustajanja od zaklju\u010denja kupoprodajnog ugovora u slu\u010daju neraspolo\u017eivosti proizvoda ili drugih te\u0161ko\u0107a o \u010demu \u0107e informirati korisnika putem e-po\u0161te. Kupoprodajni ugovor se zaklju\u010duje u trenutku izdavanja ra\u010duna.<\/p>\n\n\n\n<p>Uputa o pravu potro\u0161a\u010da na jednostrani raskid kupoprodajnog ugovora<br>Sukladno Zakonu o za\u0161titi potro\u0161a\u010da kupci potro\u0161a\u010di imaju pravo na jednostrani raskid kupoprodajnog ugovora sklopljenog za proizvode i usluge iz nihon.hr Internet trgovine kako slijedi.<br>Ugovor mo\u017eete jednostrano raskinuti u roku od 14 dana bez navo\u0111enja razloga.&nbsp;Da biste mogli ostvariti pravo na jednostrani raskid kupoprodajnog ugovora, trebate nas obavijestiti o svojoj odluci o jednostranom raskidu prije isteka roka i to nedvosmislenom izjavom poslanom na:<\/p>\n\n\n\n<p>PO\u0160TOM NA ADRESU:<br>NIHON trgovina i usluge d.o.o.<br>Mihanovi\u0107eva 43 b<br>21000 Split<\/p>\n\n\n\n<p><a href=\"mailto:webshop@nihon.hr\">webshop@nihon.hr<\/a><\/p>\n\n\n\n<p>U obavijesti navedite svoje ime i prezime, adresu, broj telefona, telefaksa ili adresu elektroni\u010dke po\u0161te, a svakako nastojte koristiti i obrazac za jednostrani raskid ugovora kojeg mo\u017eete preuzeti ovdje:&nbsp;<\/p>\n\n\n\n<p>obrazac za jednostrani raskid ugovora<\/p>\n\n\n\n<p>Obavijest o raskidu kupoprodajnog ugovora mora sadr\u017eavati sljede\u0107e stavke:<\/p>\n\n\n\n<p>Broj narud\u017ebe<br>Broj ra\u010dunaIme i prezime<br>Adresa<br>Broj telefona<br>E-mail adresa<br>Nedvosmislenu izjavu o raskidu Ugovora na daljinu<\/p>\n\n\n\n<p>koliko Kupac jednostrano raskine ugovor o kupoprodaji, obvezan je o vlastitom tro\u0161ku dostaviti kupljene proizvode prodavatelju. Kupac je odgovoran za svako umanjenje vrijednosti robe koje je rezultat rukovanja robom, osim onog koje je bilo potrebno za utvr\u0111ivanje prirode, obilje\u017eja i funkcionalnosti robe.&nbsp;Rok za jednostrani raskid iznosi 14 dana od dana&nbsp;kada je Vama ili tre\u0107oj osobi koju ste Vi odredili, a koja nije prijevoznik, roba koja je predmet ugovora predana u posjed. Ako jednostrano raskinete ovaj Ugovor, izvr\u0161it \u0107emo povrat novca koji smo od Vas primili, uklju\u010duju\u0107i i tro\u0161kove isporuke, bez odga\u0111anja, a najkasnije u roku od 14 dana od dana kada smo zaprimili Va\u0161u odluku o jednostranom raskidu ugovora, uz uvjet da nam je roba i vra\u0107ena.&nbsp;Povrat novca bit \u0107e izvr\u0161en na isti na\u010din na koji ste Vi izvr\u0161ili uplatu. Povrat novca mo\u017eemo izvr\u0161iti tek nakon \u0161to nam roba bude vra\u0107ena.Robu mo\u017eete vratiti putem dostave o vlastitom tro\u0161ku.&nbsp;Molimo u\u010dinite to bez nepotrebnog odga\u0111anja, a u svakom slu\u010daju najkasnije u roku od 14 dana od dana kada ste nam uputili Va\u0161u odluku o jednostranom raskidu ugovora.<br>Smatra se da ste izvr\u0161ili svoju obvezu na vrijeme ako prije isteka naprijed navedenog roka po\u0161aljete ili predate robu nama. Odgovorni ste za svako umanjenje vrijednosti robe koje je rezultat rukovanja robom, osim onog koje je bilo potrebno za utvr\u0111ivanje prirode, obilje\u017eja i funkcionalnosti robe. Molimo Vas da ambala\u017eu \u010duvate 14 dana kako biste pojednostavnili eventualni povrat robe i izbjegli o\u0161te\u0107enje robe prilikom transporta eventualnog povrata.<\/p>\n\n\n\n<p>Mogu\u0107nost jednostranog raskida ugovora zakonski ne vrijedi za:<\/p>\n\n\n\n<ul class=\"wp-block-list\"><li>ugovor o uslugama kojeg je prodavatelj u potpunosti ispunio, a ispunjenje je zapo\u010delo uz izri\u010dit prethodni pristanak potro\u0161a\u010da te uz njegovu potvrdu da je upoznat s \u010dinjenicom da \u0107e izgubiti pravo na jednostrani raskid ugovora iz ovoga odsjeka ako usluga bude u potpunosti ispunjena<\/li><li>predmet ugovora roba ili usluga \u010dija je cijena ovisna o promjenama na financijskom tr\u017ei\u0161tu koje su izvan utjecaja trgovca, a koje se mogu pojaviti za vrijeme trajanja prava potro\u0161a\u010da na jednostrani raskid ugovora<\/li><li>predmet ugovora roba koja je izra\u0111ena po specifikaciji kupca ili koja je jasno prilago\u0111ena kupcu (tzv. roba po posebnoj narud\u017ebi)<\/li><li>predmet ugovora lako pokvarljiva roba ili roba kojoj brzo istje\u010de rok uporabe<\/li><li>predmet ugovora zape\u010da\u0107ena roba koja zbog zdravstvenih ili higijenskih razloga nije pogodna za vra\u0107anje, ako je bila otpe\u010da\u0107ena nakon dostave<\/li><li>predmet ugovora roba koja je zbog svoje prirode nakon dostave nerazdvojivo pomije\u0161ana s drugim stvarima<\/li><\/ul>\n\n\n\n<h3 class=\"wp-block-heading\">EU platforma za online rje\u0161avanje sporova<\/h3>\n\n\n\n<p>Ukoliko kupac \u017eeli svoje reklamacije uputiti tre\u0107oj strani koja je ovla\u0161tena za pomo\u0107 pri rje\u0161avanju pritu\u017ebi nezadovoljnih potro\u0161a\u010da unutar EU, molimo koristiti sljede\u0107u poveznicu:EU platforma za rje\u0161avanje online sporova.<\/p>\n\n\n\n<h3 class=\"wp-block-heading\">Jamstva<\/h3>\n\n\n\n<p>Ako je navedeno proizvo\u0111a\u010dko jamstvo na proizvod u na\u0161oj internet trgovini, ono vrijedi za vrijeme trajanja navedenog razdoblja, ra\u010dunaju\u0107i od datuma izdavanja ra\u010duna. Proizvo\u0111a\u010dko jamstvo odnosi se na tehni\u010dku ispravnost proizvoda. Jamstva ne vrijede za&nbsp;aku-baterije, baterije, rasvjetna tijela i razne potro\u0161ne dijelove.&nbsp;Ukoliko do\u0111e do kvara ure\u0111aja unutar jamstvenog roka, kupac je du\u017ean kontakirati, od proizvo\u0111a\u010da ili njegovog zastupnika ovla\u0161teni, servis kako bi se utvrdilo postojenje i razlog nastanka kvara. Proizvo\u0111a\u010dka jamstva ne pokrivaju kvarove nastale uobi\u010dajenim tro\u0161enjem, nepravilnim kori\u0161tenjem ili pogre\u0161nim odr\u017eavanjem ure\u0111aja, te kvarove koji su kupcu bili poznati pri kupnji. Jamstvo prestaje vrijediti u trenutku kada kupac ili druga osoba samostalno otvori ku\u0107i\u0161te ure\u0111aja. U slu\u010daju da kvar koji je pokriven jamstvo ne mo\u017ee biti otklonjen u jamstvenom roku, kupac ima pravo na zamjenu ure\u0111aja. U slu\u010daju kad proizva\u0111a\u010d nudi produ\u017eeno jamstvo, kupac je du\u017ean samostalno obavit registraciju sukladno pravilima davatelja jamstva kako bi ostvario pravo na produ\u017eeno jamstvo. Obavijest o postupku i rokovima za registraciju biti \u0107e dostavljena uz ra\u010dun ili uz jamstveni list.<\/p>\n\n\n\n<h3 class=\"wp-block-heading\">Prikaz informacija o proizvodima i rokovima isporuke<\/h3>\n\n\n\n<p>Roba \u0107e biti isporu\u010dena kao \u0161to je opisana i prikazana u internet trgovini, pri \u010demu zadr\u017eavamo pravo na male razlike, tehnolo\u0161ka unapre\u0111enja i izmjene u ambala\u017ei. Tiskarske pogre\u0161ke te mala odstupanja u boji ili strukturi su mogu\u0107i&nbsp;u opisu i prikazu proizvoda. Pravovremena dostava i pridr\u017eavanje navedenih rokova isporuke pretpostavlja ispunjavanje obveza drugih partnera uklju\u010denih u proces, kao i nepostojanje vi\u0161e sile koja bi nas u tome onemogu\u0107ila, kao \u0161to su \u0161trajk, po\u017ear, prometne blokade, prekid opskrbe energijom, izvanredna stanja i drugih okolnosti koje nismo uzrokovali. U takvim slu\u010dajevima vrijeme isporuke se produ\u017eava. Ako je isporuka u cijelosti ili djelomice nemogu\u0107a ili nerazumna za ostvariti, zadr\u017eavamo pravo odustati od iste. U ovim slu\u010dajevima kupac nema pravo na zahtjev za naknadu \u0161tete.<\/p>\n\n\n\n<h3 class=\"wp-block-heading\">Prikaz cijena proizvoda i tro\u0161kova isporuke<\/h3>\n\n\n\n<p>Sve prikazane cijene su u kunama, bez tro\u0161kova dostave i s uklju\u010denim PDV-om. Za odre\u0111ene vrste artikala prikazane su i cijene po osnovnoj mjernoj jedinici sukladno propisima. Prikazane cijene odnose se samo na pojedini artikal, dok pribor i dekoracija nisu uklju\u010deni u cijenu. Tro\u0161ak dostave odre\u0111uje se prema ukupnoj te\u017eini svih proizvoda iz pojedine narud\u017ebe i odredi\u0161tu. To\u010dan tro\u0161ak dostave prikazuje se u blagajni Internet trgovine i mo\u017eete ga provjeriti prije potvrde narud\u017ebe. Vi\u0161e informacija o dostavi i cjenik mo\u017eete prona\u0107i na stranici&nbsp;dostave.&nbsp;Prikazane cijene artikala i tro\u0161kova nisu obvezuju\u0107e, a u slu\u010daju gre\u0161ke zadr\u017eavamo pravo izmjene do zaklju\u010divanja kupoprodajnog ugovora o \u010demu \u0107emo Vas informirati prije isporuke. Ukoliko se ne sla\u017eete s izmjenama mo\u017eete otkazati narud\u017ebu u cijelosti. Nakon \u0161to pripremimo naru\u010dene proizvode za isporuku, izdat \u0107emo ra\u010dun na kupca. Ra\u010dun \u0161aljemo zajedno sa kupljenim artiklima.<\/p>\n\n\n\n<h3 class=\"wp-block-heading\">Registracija i korisni\u010dki profili<\/h3>\n\n\n\n<p>Korisni\u010dki profil je izdvojeni prostor na web mjestu namijenjen i dostupan samo korisniku koji ga je otvorio i drugim korisnicima kojima on to odobri i omogu\u0107i. Registracija je postupak otvaranja korisni\u010dkog profila, a registrirani korisnik i vlasnik profila je korisnik koji je otvorio profil sa svojim pristupnim podacima. Pravo na kupnju imaju samo kupci koji imaju otvoren korisni\u010dki profil na nihon.hr Internet trgovini. Korisnik mo\u017ee samostalno otvoriti profil na ovim stranicama, dovoljno je odrediti pristupne podatke. Korisnik mo\u017ee na svom profilu popuniti zadane adrese i ostale podatke&nbsp;kako bi ubrzao proces kupnje ubudu\u0107e, ali nije obavezan. Ako ih popuni, podaci trebaju biti to\u010dni i ispunjeni u svim obaveznim poljima. Korisnik se obvezuje svaki put kada koristi te podatke u prolasku kroz blagajnu nihon.hr Internet trgovine nadopuniti ih i ispraviti ako su zastarili ili iz nekog drugog razloga nisu to\u010dni u trenutku kupnje.&nbsp;Odgovornost za vo\u0111enje i odr\u017eavanje profila je u potpunosti na vlasniku profila. Davatelj usluga \u0107e osigurati tehni\u010dke pretpostavke za sigurno i kvalitetno vo\u0111enje profila. Davatelj usluga zadr\u017eava pravo provjere, ga\u0161enja ili brisanja profila kod neprimjerenog kori\u0161tenja. Vi\u0161e korisnika, npr. \u010dlanova obitelji, mogu dijeliti jedan profil ako im vlasnik profila to odobri i omogu\u0107i. Svaki korisnik mo\u017ee imati samo jedan profil. Osobni podaci se ne otkrivaju tre\u0107im stranama, osim u svrhu ispunjenja kupoprodajnog ugovora, poput dostave te na uvid ovla\u0161tenim dr\u017eavnim institucijama na njihov zahtjev.<\/p>\n\n\n\n<p>Podaci se najstro\u017ee \u010duvaju u poslovnim sustavima NIHON trgovina i usluge d.o.o. koji je ujedno i voditelj zbirke osobnih podataka na adresi sjedi\u0161ta; Mihanovi\u0107eva 43 b.<br>Korisnik ima pravo na uvid u vlastite podatke iskazane na stanicama nihon.hr putem uvida u svoj korisni\u010dki ra\u010dun na tim stranicama, kojeg je kreirao prilikom registracije korisni\u010dkog profila.<br>Izjava o kola\u010di\u0107ima (cookies) na Internet stranicama nihon.hr<br>Kako bi stranice nihon.hr ispravno radile, one moraju na ra\u010dunalo korisnika spremiti malenu koli\u010dinu informacija (Cookies\/Kola\u010di\u0107i). Prema regulativama Europske unije, NIHON trgovina i usluge d.o.o. prije spremanja cookiesa mora zatra\u017eiti pristanak Korisnika. Kori\u0161tenjem web stranice nihon.hr Korisnik pristaje na upotrebu Cookiesa. Korisnik isklju\u010divanjem Cookiesa odlu\u010duje ho\u0107e li dopustiti pohranjivanje Kola\u010di\u0107a na svom ra\u010dunalu. Postavke Kola\u010di\u0107a mogu se kontrolirati i konfigurirati u web pregledniku koji korisnik koristi za pregledavanje web stranica. Ukoliko korisnik onemogu\u0107i kola\u010di\u0107e, postoji mogu\u0107nost da stranica ne\u0107e mo\u0107i koristiti neke od funkcionalnosti.<\/p>\n\n\n\n<h3 class=\"wp-block-heading\">Autorska prava<\/h3>\n\n\n\n<p>Svi sadr\u017eaji i materijali na ovom web mjestu su vlasni\u0161tvo NIHON trgovina i usluge d.o.o.. Kopiranje u komercijalne svrhe nije dopu\u0161teno bez prethodnog pisanog odobrenja davatelja usluge.<br>U slu\u010daju pitanja molimo kontaktirajte administratore Internet trgovine putem e-po\u0161te:&nbsp;webshop@nihon.hr<\/p>\n\n\n\n<h3 class=\"wp-block-heading\">REGISTRACIJA KORISNIKA ZA KUPNJU PUTEM NIHON.HR INTERNET TRGOVINE<\/h3>\n\n\n\n<p>Za kupnju artikala putem nihon.hr Internet trgovine obavezna je registracija korisnika. Prigodom registracije korisnik mora unijeti svoje osobne podatke (ime i prezime, e-mail, kontak telefon ili mobitel, adresu). Nakon uspje\u0161no obavljene registracije korisnik \u0107e dobiti potvrdu o registraciji putem e-maila. Za uspje\u0161nu registraciju obavezna je i suglasnost korisnika sa svim pravilima poslovanja nihon.hr Internet trgovine, cjenikom i uvjetima dostave za kupnju putem nihon.hr Internet trgovine. U postupku registracije nudimo Vam i mogu\u0107nost registracije za primanje obavijesti i ponuda od prodavatelja NIHON trgovina i usluge d.o.o.<br>Za sve dodatne informacije molimo obratite nam se putem e-maila:websho@nihon.hr<\/p>\n\n\n\n<h3 class=\"wp-block-heading\">PRAVILA DOSTAVE ZA KUPNJU PUTEM NIHON.HR INTERNET TRGOVINE<\/h3>\n\n\n\n<p>Artikle kupljene u nihon.hr Internet trgovini dostavljamo na gotova sva odredi\u0161ta u Republici Hrvatskoj Isporuka bi trebala uslijediti sedmi radni dan nakon narud\u017ebe (ovisno o odredi\u0161tu i vrsti proizvoda) Dostava se obavlja radnim danom od 8 do 16 sati<br>U pravilu isporuka bi trebala uslijediti sedmi radni dan nakon Va\u0161e kupnje,&nbsp;&nbsp;\u0161to ovisi o odredi\u0161tu i vrsti artikla kojeg ste kupili, no to mo\u017ee potrajati i dulje jer rokovi dostave na otoke i rje\u0111e naseljena podru\u010dja ovise i o rasporedu vo\u017enje trajekata i rasporedu dostavne slu\u017ebe. Na neke otoke dostava uop\u0107e nije mogu\u0107a. Dostava na pojedine otoke vr\u0161i se na pristani\u0161te, ovisno o redu vo\u017enje trajekta ili broda. Detaljnije informacije su navedene u rasporedu dostava na otoke i rije\u0111e naseljana podru\u010dja.<br>Dostava se obavlja radnim danom od 8 do 16 sati. Neradni dani (subota, nedjelja i dr\u017eavni praznik) se ne ra\u010dunaju u rok dostave. Ukoliko se redovni termin dostave poklapa sa neradnim danom, dostava se vr\u0161i naredni radni dan za kopnenu Hrvatsku, a na otoke i rje\u0111e naseljena mjesta prema posebnom rasporedu dostave za takva podru\u010dja.Prije dostave djelatnici dostavne slu\u017ebe \u0107e Vas kontaktirati kako bi se najavili i dogovorili isporuku.Artikli kojeg ste kupili putem nihon.hr Internet trgovine dostavljaju se do najbli\u017eeg kolnog prilaza. U slu\u010daju da je najbli\u017ei kolni prilaz pokraj ulaza u stambeni objekt, prilikom istovara prilaz ulazu mora biti slobodan, jer u protivnom istovar se vr\u0161i na najbli\u017eoj mogu\u0107oj to\u010dki.<br>Dostava na mjesta za koja je potrebna posebna dozvola za pristup vr\u0161i se do najbli\u017ee pristupne to\u010dke za koju takva dozvola nije potrebna.<br>Reklamaciju po\u0161iljke o\u0161te\u0107ene pri transportu do navedene adrese, obavezno je prijaviti prodavatelju&nbsp;&nbsp;u roku od 3 dana od preuzimanja po\u0161iljke.<br>Potrebno je poslati fotografije o\u0161te\u0107enog proizvoda na e-mail:&nbsp;webshop@nihon.hr&nbsp;,te kratki opis o\u0161te\u0107enja i broj narud\u017ebe.Potrebno je pregledati vanjska o\u0161te\u0107enja prilikom preuzimanja po\u0161iljke jer svojim potpisom potvr\u0111ujete da ste po\u0161iljku primili od dostavlja\u010da u neo\u0161te\u0107enom pakiranju.<br>U nihon mo\u017eete kupiti odre\u0111eni broj artikala. To ovisi o mogu\u0107nostima samog izbora pri kupnji, mogu\u0107nostima dostave, kao i pojedinim mjernim jedinicama.<br>Za sve dodatne informacije molimo obratite nam se putem e-maila&nbsp; webshop@nihon.hr<\/p>\n\n\n\n<p><br>POVEZNICE NA VA\u017dNE DOKUMENTE<br>NIHON.HR OBRAZAC ZA JEDNOSTRANI RASKOD UGOVORA<br>CJENIK DOSTAVE ZA KUPNJU PUTEM NIHON.HR INTERNET TRGOVINE<br>POPIS OTOKA I RIJE\u0110E NASELJENIH PODRU\u010cJA<br>IZJAVA O SIGURNOSTI<\/p>\n\n\n\n<p><br>HT Pay Way primjenjuje najmodernije standarde u za\u0161titi podataka \u2013 Secure Socket Layer (SSL) protokol sa 128-bitnom enkripcijom podataka i MD5 algoritam. ISO 8583 protokol osigurava da se razmjena podataka izme\u0111u T-Com sustava i autorizacijskih centara karti\u010dnih ku\u0107a obavlja u privatnoj mre\u017ei, koja je od neautoriziranog pristupa za\u0161ti\u0107ena dvostrukim slojem \u201cvatrozida\u201d (firewalla).<\/p>\n\n\n\n<h3 class=\"wp-block-heading\"><br>NA\u010cINI PLA\u0106ANJA<\/h3>\n\n\n\n<p><br>Pla\u0107anje&nbsp;kreditnim ili debitnim karticama<br>Jednokratno pla\u0107anje za\u0161ti\u0107eno najvi\u0161im sigurnosnim standardimaU slu\u010daju da trebate R-1 ra\u010dun, molimo odaberite tu opciju na blagajni Internet trgovine i unesite potrebne podatke.<\/p>\n","protected":false},"excerpt":{"rendered":"<p>Op\u0107i uvjeti poslovanja nihon.hr internetske trgovine Na internet stranicama&nbsp;nihon.hr&nbsp;nudimo Vam mogu\u0107nost kupnje artikala koji su ozna\u010deni s \u201craspolo\u017eivo\u201d na stranici prikaza pojedinog proizvoda. Uvjete je mogu\u0107e u svakom trenutku pro\u010ditati na ovim stranicama, zadr\u017eavamo pravo izmjene bez prethodne najave. Davatelj usluga i prodavatelj proizvoda i usluga u elektroni\u010dkoj trgovini na internet stranicama&nbsp;nihon.hr&nbsp;je: NIHON trgovina i [&hellip;]<\/p>\n","protected":false},"author":1,"featured_media":0,"parent":0,"menu_order":0,"comment_status":"closed","ping_status":"open","template":"","meta":{"_acf_changed":false,"footnotes":""},"class_list":["post-2523","page","type-page","status-publish","hentry"],"acf":[],"_links":{"self":[{"href":"https:\/\/webshop.nihon.hr\/en\/wp-json\/wp\/v2\/pages\/2523","targetHints":{"allow":["GET"]}}],"collection":[{"href":"https:\/\/webshop.nihon.hr\/en\/wp-json\/wp\/v2\/pages"}],"about":[{"href":"https:\/\/webshop.nihon.hr\/en\/wp-json\/wp\/v2\/types\/page"}],"author":[{"embeddable":true,"href":"https:\/\/webshop.nihon.hr\/en\/wp-json\/wp\/v2\/users\/1"}],"replies":[{"embeddable":true,"href":"https:\/\/webshop.nihon.hr\/en\/wp-json\/wp\/v2\/comments?post=2523"}],"version-history":[{"count":1,"href":"https:\/\/webshop.nihon.hr\/en\/wp-json\/wp\/v2\/pages\/2523\/revisions"}],"predecessor-version":[{"id":2526,"href":"https:\/\/webshop.nihon.hr\/en\/wp-json\/wp\/v2\/pages\/2523\/revisions\/2526"}],"wp:attachment":[{"href":"https:\/\/webshop.nihon.hr\/en\/wp-json\/wp\/v2\/media?parent=2523"}],"curies":[{"name":"wp","href":"https:\/\/api.w.org\/{rel}","templated":true}]}}